{"id":184,"date":"2024-05-08T07:40:14","date_gmt":"2024-05-08T07:40:14","guid":{"rendered":"https:\/\/sutesisatiturgutreis.com\/?post_type=product&#038;p=184"},"modified":"2024-05-08T07:43:30","modified_gmt":"2024-05-08T07:43:30","slug":"pedrollo-sessiz-hidrofor","status":"publish","type":"product","link":"https:\/\/sutesisatiturgutreis.com\/?product=pedrollo-sessiz-hidrofor","title":{"rendered":"Pedrollo Sessiz Hidrofor"},"content":{"rendered":"<p>Pedrollo Sessiz Hidrofor 2kat 4 daire besleme g\u00fcc\u00fc<img loading=\"lazy\" decoding=\"async\" class=\"alignnone wp-image-123\" src=\"https:\/\/sutesisatiturgutreis.com\/wp-content\/uploads\/2024\/05\/Pedrollo-sessiz-hidrafor-2kat-4-daire-besleme-gucu-169x300.jpeg\" alt=\"\" width=\"60\" height=\"107\" srcset=\"https:\/\/sutesisatiturgutreis.com\/wp-content\/uploads\/2024\/05\/Pedrollo-sessiz-hidrafor-2kat-4-daire-besleme-gucu-169x300.jpeg 169w, https:\/\/sutesisatiturgutreis.com\/wp-content\/uploads\/2024\/05\/Pedrollo-sessiz-hidrafor-2kat-4-daire-besleme-gucu-600x1067.jpeg 600w, https:\/\/sutesisatiturgutreis.com\/wp-content\/uploads\/2024\/05\/Pedrollo-sessiz-hidrafor-2kat-4-daire-besleme-gucu-576x1024.jpeg 576w, https:\/\/sutesisatiturgutreis.com\/wp-content\/uploads\/2024\/05\/Pedrollo-sessiz-hidrafor-2kat-4-daire-besleme-gucu.jpeg 750w\" sizes=\"auto, (max-width: 60px) 100vw, 60px\" \/><\/p>\nSelam Dostlar, Sezonun ilk \u00e7al\u0131\u015fmalar\u0131 ba\u015flad\u0131!","protected":false},"excerpt":{"rendered":"<p>Pedrollo Sessiz Hidrofor 2kat 4 daire besleme g\u00fcc\u00fc Selam Dostlar, Sezonun ilk \u00e7al\u0131\u015fmalar\u0131 ba\u015flad\u0131!<\/p>\n","protected":false},"featured_media":123,"comment_status":"closed","ping_status":"closed","template":"","meta":{"site-sidebar-layout":"default","site-content-layout":"","ast-site-content-layout":"default","site-content-style":"default","site-sidebar-style":"default","ast-global-header-display":"","ast-banner-title-visibility":"","ast-main-header-display":"","ast-hfb-above-header-display":"","ast-hfb-below-header-display":"","ast-hfb-mobile-header-display":"","site-post-title":"","ast-breadcrumbs-content":"","ast-featured-img":"","footer-sml-layout":"","ast-disable-related-posts":"","theme-transparent-header-meta":"","adv-header-id-meta":"","stick-header-meta":"","header-above-stick-meta":"","header-main-stick-meta":"","header-below-stick-meta":"","astra-migrate-meta-layouts":"default","ast-page-background-enabled":"default","ast-page-background-meta":{"desktop":{"background-color":"var(--ast-global-color-5)","background-image":"","background-repeat":"repeat","background-position":"center center","background-size":"auto","background-attachment":"scroll","background-type":"","background-media":"","overlay-type":"","overlay-color":"","overlay-opacity":"","overlay-gradient":""},"tablet":{"background-color":"","background-image":"","background-repeat":"repeat","background-position":"center center","background-size":"auto","background-attachment":"scroll","background-type":"","background-media":"","overlay-type":"","overlay-color":"","overlay-opacity":"","overlay-gradient":""},"mobile":{"background-color":"","background-image":"","background-repeat":"repeat","background-position":"center center","background-size":"auto","background-attachment":"scroll","background-type":"","background-media":"","overlay-type":"","overlay-color":"","overlay-opacity":"","overlay-gradient":""}},"ast-content-background-meta":{"desktop":{"background-color":"var(--ast-global-color-4)","background-image":"","background-repeat":"repeat","background-position":"center center","background-size":"auto","background-attachment":"scroll","background-type":"","background-media":"","overlay-type":"","overlay-color":"","overlay-opacity":"","overlay-gradient":""},"tablet":{"background-color":"var(--ast-global-color-4)","background-image":"","background-repeat":"repeat","background-position":"center center","background-size":"auto","background-attachment":"scroll","background-type":"","background-media":"","overlay-type":"","overlay-color":"","overlay-opacity":"","overlay-gradient":""},"mobile":{"background-color":"var(--ast-global-color-4)","background-image":"","background-repeat":"repeat","background-position":"center center","background-size":"auto","background-attachment":"scroll","background-type":"","background-media":"","overlay-type":"","overlay-color":"","overlay-opacity":"","overlay-gradient":""}}},"product_brand":[],"product_cat":[18],"product_tag":[],"class_list":{"0":"post-184","1":"product","2":"type-product","3":"status-publish","4":"has-post-thumbnail","6":"product_cat-genel","7":"desktop-align-left","8":"tablet-align-left","9":"mobile-align-left","11":"first","12":"instock","13":"shipping-taxable","14":"product-type-simple"},"_links":{"self":[{"href":"https:\/\/sutesisatiturgutreis.com\/index.php?rest_route=\/wp\/v2\/product\/184","targetHints":{"allow":["GET"]}}],"collection":[{"href":"https:\/\/sutesisatiturgutreis.com\/index.php?rest_route=\/wp\/v2\/product"}],"about":[{"href":"https:\/\/sutesisatiturgutreis.com\/index.php?rest_route=\/wp\/v2\/types\/product"}],"replies":[{"embeddable":true,"href":"https:\/\/sutesisatiturgutreis.com\/index.php?rest_route=%2Fwp%2Fv2%2Fcomments&post=184"}],"wp:featuredmedia":[{"embeddable":true,"href":"https:\/\/sutesisatiturgutreis.com\/index.php?rest_route=\/wp\/v2\/media\/123"}],"wp:attachment":[{"href":"https:\/\/sutesisatiturgutreis.com\/index.php?rest_route=%2Fwp%2Fv2%2Fmedia&parent=184"}],"wp:term":[{"taxonomy":"product_brand","embeddable":true,"href":"https:\/\/sutesisatiturgutreis.com\/index.php?rest_route=%2Fwp%2Fv2%2Fproduct_brand&post=184"},{"taxonomy":"product_cat","embeddable":true,"href":"https:\/\/sutesisatiturgutreis.com\/index.php?rest_route=%2Fwp%2Fv2%2Fproduct_cat&post=184"},{"taxonomy":"product_tag","embeddable":true,"href":"https:\/\/sutesisatiturgutreis.com\/index.php?rest_route=%2Fwp%2Fv2%2Fproduct_tag&post=184"}],"curies":[{"name":"wp","href":"https:\/\/api.w.org\/{rel}","templated":true}]}}