{"id":85,"date":"2020-07-27T20:00:41","date_gmt":"2020-07-27T20:00:41","guid":{"rendered":"http:\/\/sutesisatiturgutreis.com\/?page_id=85"},"modified":"2026-02-10T07:10:51","modified_gmt":"2026-02-10T07:10:51","slug":"komple-tadilat","status":"publish","type":"page","link":"https:\/\/sutesisatiturgutreis.com\/?page_id=85","title":{"rendered":"Komple Tadilat"},"content":{"rendered":"\n<p>Yeni ve g\u00fc\u00e7l\u00fc ekibimizle, evinizin t\u00fcm tadilat ve tamirat i\u015fleri yap\u0131l\u0131r&#8230;<\/p>\n\n\n\n<p>Duvar, tavan, taban i\u015fleri<\/p>\n\n\n\n<p>Al\u00e7\u0131 &#8211; Dekorasyon<\/p>\n\n\n\n<p>Boya, mantolama, kaplama<\/p>\n\n\n\n<p>Direnaj<\/p>\n\n\n\n<p class=\"has-huge-font-size\">Ar\u0131za m\u0131 var?<\/p>\n\n\n\n<p class=\"has-huge-font-size\">Bir telefon etmeniz yeterli.<a href=\"tel:05423968060\"> \ud83d\udcde 0542 396 80 60<\/a><\/p>\n\n\n\n<p>Aray\u0131n mutlaka teklif al\u0131n..<\/p>\n\n\n\n<p>Birlikte \u00e7\u00f6z\u00fcm \u00fcretelim.<\/p>\n\n\n\n<p>Siz d\u00fc\u015f\u00fcn\u00fcn, hayal edin. Biz de ger\u00e7ekle\u015ftirelim&#8230;<\/p>\n\n\n\n<figure class=\"wp-block-gallery has-nested-images columns-default is-cropped wp-block-gallery-1 is-layout-flex wp-block-gallery-is-layout-flex\">\n<figure class=\"wp-block-image size-large\"><img loading=\"lazy\" decoding=\"async\" width=\"768\" height=\"1024\" data-id=\"89\" src=\"https:\/\/sutesisatiturgutreis.com\/wp-content\/uploads\/2020\/07\/KompleTadilat-1-768x1024.jpeg\" alt=\"\" class=\"wp-image-89\" srcset=\"https:\/\/sutesisatiturgutreis.com\/wp-content\/uploads\/2020\/07\/KompleTadilat-1-768x1024.jpeg 768w, https:\/\/sutesisatiturgutreis.com\/wp-content\/uploads\/2020\/07\/KompleTadilat-1-600x800.jpeg 600w, https:\/\/sutesisatiturgutreis.com\/wp-content\/uploads\/2020\/07\/KompleTadilat-1-225x300.jpeg 225w, https:\/\/sutesisatiturgutreis.com\/wp-content\/uploads\/2020\/07\/KompleTadilat-1-1152x1536.jpeg 1152w, https:\/\/sutesisatiturgutreis.com\/wp-content\/uploads\/2020\/07\/KompleTadilat-1.jpeg 1200w\" sizes=\"auto, (max-width: 768px) 100vw, 768px\" \/><\/figure>\n\n\n\n<figure class=\"wp-block-image size-large\"><img loading=\"lazy\" decoding=\"async\" width=\"768\" height=\"1024\" data-id=\"90\" src=\"https:\/\/sutesisatiturgutreis.com\/wp-content\/uploads\/2020\/07\/KompleTadilat-2-768x1024.jpeg\" alt=\"\" class=\"wp-image-90\" srcset=\"https:\/\/sutesisatiturgutreis.com\/wp-content\/uploads\/2020\/07\/KompleTadilat-2-768x1024.jpeg 768w, https:\/\/sutesisatiturgutreis.com\/wp-content\/uploads\/2020\/07\/KompleTadilat-2-600x800.jpeg 600w, https:\/\/sutesisatiturgutreis.com\/wp-content\/uploads\/2020\/07\/KompleTadilat-2-225x300.jpeg 225w, https:\/\/sutesisatiturgutreis.com\/wp-content\/uploads\/2020\/07\/KompleTadilat-2-1152x1536.jpeg 1152w, https:\/\/sutesisatiturgutreis.com\/wp-content\/uploads\/2020\/07\/KompleTadilat-2.jpeg 1200w\" sizes=\"auto, (max-width: 768px) 100vw, 768px\" \/><\/figure>\n\n\n\n<figure class=\"wp-block-image size-large\"><img loading=\"lazy\" decoding=\"async\" width=\"768\" height=\"1024\" data-id=\"91\" src=\"https:\/\/sutesisatiturgutreis.com\/wp-content\/uploads\/2020\/07\/KompleTadilat-3-768x1024.jpeg\" alt=\"\" class=\"wp-image-91\" srcset=\"https:\/\/sutesisatiturgutreis.com\/wp-content\/uploads\/2020\/07\/KompleTadilat-3-768x1024.jpeg 768w, https:\/\/sutesisatiturgutreis.com\/wp-content\/uploads\/2020\/07\/KompleTadilat-3-600x800.jpeg 600w, https:\/\/sutesisatiturgutreis.com\/wp-content\/uploads\/2020\/07\/KompleTadilat-3-225x300.jpeg 225w, https:\/\/sutesisatiturgutreis.com\/wp-content\/uploads\/2020\/07\/KompleTadilat-3-1152x1536.jpeg 1152w, https:\/\/sutesisatiturgutreis.com\/wp-content\/uploads\/2020\/07\/KompleTadilat-3.jpeg 1200w\" sizes=\"auto, (max-width: 768px) 100vw, 768px\" \/><\/figure>\n\n\n\n<figure class=\"wp-block-image size-large\"><img loading=\"lazy\" decoding=\"async\" width=\"575\" height=\"1024\" data-id=\"92\" src=\"https:\/\/sutesisatiturgutreis.com\/wp-content\/uploads\/2020\/07\/KompleTadilat-4-575x1024.jpeg\" alt=\"\" class=\"wp-image-92\" srcset=\"https:\/\/sutesisatiturgutreis.com\/wp-content\/uploads\/2020\/07\/KompleTadilat-4-575x1024.jpeg 575w, https:\/\/sutesisatiturgutreis.com\/wp-content\/uploads\/2020\/07\/KompleTadilat-4-600x1069.jpeg 600w, https:\/\/sutesisatiturgutreis.com\/wp-content\/uploads\/2020\/07\/KompleTadilat-4-168x300.jpeg 168w, https:\/\/sutesisatiturgutreis.com\/wp-content\/uploads\/2020\/07\/KompleTadilat-4-768x1368.jpeg 768w, https:\/\/sutesisatiturgutreis.com\/wp-content\/uploads\/2020\/07\/KompleTadilat-4-862x1536.jpeg 862w, https:\/\/sutesisatiturgutreis.com\/wp-content\/uploads\/2020\/07\/KompleTadilat-4.jpeg 898w\" sizes=\"auto, (max-width: 575px) 100vw, 575px\" \/><\/figure>\n<\/figure>\nSelam Dostlar, Sezonun ilk \u00e7al\u0131\u015fmalar\u0131 ba\u015flad\u0131!","protected":false},"excerpt":{"rendered":"<p>Yeni ve g\u00fc\u00e7l\u00fc ekibimizle, evinizin t\u00fcm tadilat ve tamirat i\u015fleri yap\u0131l\u0131r&#8230; Duvar, tavan, taban i\u015fleri Al\u00e7\u0131 &#8211; Dekorasyon Boya, mantolama, [&hellip;]<\/p>\n","protected":false},"author":1,"featured_media":0,"parent":0,"menu_order":0,"comment_status":"closed","ping_status":"closed","template":"","meta":{"site-sidebar-layout":"default","site-content-layout":"","ast-site-content-layout":"default","site-content-style":"default","site-sidebar-style":"default","ast-global-header-display":"","ast-banner-title-visibility":"","ast-main-header-display":"","ast-hfb-above-header-display":"","ast-hfb-below-header-display":"","ast-hfb-mobile-header-display":"","site-post-title":"","ast-breadcrumbs-content":"","ast-featured-img":"","footer-sml-layout":"","ast-disable-related-posts":"","theme-transparent-header-meta":"","adv-header-id-meta":"","stick-header-meta":"","header-above-stick-meta":"","header-main-stick-meta":"","header-below-stick-meta":"","astra-migrate-meta-layouts":"default","ast-page-background-enabled":"default","ast-page-background-meta":{"desktop":{"background-color":"var(--ast-global-color-5)","background-image":"","background-repeat":"repeat","background-position":"center center","background-size":"auto","background-attachment":"scroll","background-type":"","background-media":"","overlay-type":"","overlay-color":"","overlay-opacity":"","overlay-gradient":""},"tablet":{"background-color":"","background-image":"","background-repeat":"repeat","background-position":"center center","background-size":"auto","background-attachment":"scroll","background-type":"","background-media":"","overlay-type":"","overlay-color":"","overlay-opacity":"","overlay-gradient":""},"mobile":{"background-color":"","background-image":"","background-repeat":"repeat","background-position":"center center","background-size":"auto","background-attachment":"scroll","background-type":"","background-media":"","overlay-type":"","overlay-color":"","overlay-opacity":"","overlay-gradient":""}},"ast-content-background-meta":{"desktop":{"background-color":"var(--ast-global-color-4)","background-image":"","background-repeat":"repeat","background-position":"center center","background-size":"auto","background-attachment":"scroll","background-type":"","background-media":"","overlay-type":"","overlay-color":"","overlay-opacity":"","overlay-gradient":""},"tablet":{"background-color":"var(--ast-global-color-4)","background-image":"","background-repeat":"repeat","background-position":"center center","background-size":"auto","background-attachment":"scroll","background-type":"","background-media":"","overlay-type":"","overlay-color":"","overlay-opacity":"","overlay-gradient":""},"mobile":{"background-color":"var(--ast-global-color-4)","background-image":"","background-repeat":"repeat","background-position":"center center","background-size":"auto","background-attachment":"scroll","background-type":"","background-media":"","overlay-type":"","overlay-color":"","overlay-opacity":"","overlay-gradient":""}},"footnotes":""},"class_list":["post-85","page","type-page","status-publish","hentry"],"_links":{"self":[{"href":"https:\/\/sutesisatiturgutreis.com\/index.php?rest_route=\/wp\/v2\/pages\/85","targetHints":{"allow":["GET"]}}],"collection":[{"href":"https:\/\/sutesisatiturgutreis.com\/index.php?rest_route=\/wp\/v2\/pages"}],"about":[{"href":"https:\/\/sutesisatiturgutreis.com\/index.php?rest_route=\/wp\/v2\/types\/page"}],"author":[{"embeddable":true,"href":"https:\/\/sutesisatiturgutreis.com\/index.php?rest_route=\/wp\/v2\/users\/1"}],"replies":[{"embeddable":true,"href":"https:\/\/sutesisatiturgutreis.com\/index.php?rest_route=%2Fwp%2Fv2%2Fcomments&post=85"}],"version-history":[{"count":4,"href":"https:\/\/sutesisatiturgutreis.com\/index.php?rest_route=\/wp\/v2\/pages\/85\/revisions"}],"predecessor-version":[{"id":214,"href":"https:\/\/sutesisatiturgutreis.com\/index.php?rest_route=\/wp\/v2\/pages\/85\/revisions\/214"}],"wp:attachment":[{"href":"https:\/\/sutesisatiturgutreis.com\/index.php?rest_route=%2Fwp%2Fv2%2Fmedia&parent=85"}],"curies":[{"name":"wp","href":"https:\/\/api.w.org\/{rel}","templated":true}]}}