{"id":78,"date":"2020-07-27T19:50:37","date_gmt":"2020-07-27T19:50:37","guid":{"rendered":"http:\/\/sutesisatiturgutreis.com\/?page_id=78"},"modified":"2026-02-10T07:15:06","modified_gmt":"2026-02-10T07:15:06","slug":"iletisim","status":"publish","type":"page","link":"https:\/\/sutesisatiturgutreis.com\/?page_id=78","title":{"rendered":"\u0130leti\u015fim"},"content":{"rendered":"\n<section style=\"padding:40px 20px; background:#f5f7fa; text-align:center;\">\n  <h1 style=\"font-size:28px; margin-bottom:10px;\">\n    Turgutreis Su Tesisat\u00e7\u0131s\u0131 \u2013 Mehmet Usta\n  <\/h1>\n  <p style=\"font-size:18px; color:#555;\">\n    Ar\u0131za, tamirat, hidrofor, g\u00fcne\u015f enerjisi ve t\u00fcm s\u0131hhi tesisat i\u015fleriniz i\u00e7in h\u0131zl\u0131 ve g\u00fcvenilir servis.\n  <\/p>\n\n  <div style=\"margin-top:20px;\">\n    <a href=\"tel:05423968060\" \n       style=\"background:#0a7cff; color:#fff; padding:14px 28px; \n       text-decoration:none; font-size:18px; border-radius:6px; \n       display:inline-block; margin:5px;\">\n       \ud83d\udcde Hemen Ara\n    <\/a>\n\n    <a href=\"https:\/\/wa.me\/905423968060\" \n       style=\"background:#25D366; color:#fff; padding:14px 28px; \n       text-decoration:none; font-size:18px; border-radius:6px; \n       display:inline-block; margin:5px;\">\n       \ud83d\udcac WhatsApp\n    <\/a>\n  <\/div>\n<\/section>\n\n\n\n\n<p>Telefon edin, hemen ke\u015fif ve tespit g\u00f6r\u00fc\u015fmesine ba\u015flayal\u0131m&#8230;<\/p>\n\n\n\n<p>Turgutreis, Akyarlar, Ba\u011fla.<\/p>\n\n\n\n<p>Kad\u0131kalesi, G\u00fcm\u00fc\u015fl\u00fck.<\/p>\n\n\n\n<p>S\u00fcrekli irtibat halinde olup, i\u015f teslimi sonras\u0131 da ili\u015fkimizin devam edece\u011fi, hizmet verdi\u011fimiz b\u00f6lgeler.. <\/p>\n\n\n\n<p>Sosyal Medya \u00fczerinden de irtibata ge\u00e7ebiliriz&#8230;<\/p>\n\n\n\n<h2 class=\"wp-block-heading\">Ar\u0131za m\u0131 var?<\/h2>\n\n\n\n<p>Bir telefon etmeniz yeterli.<a href=\"tel:05423968060\"> \ud83d\udcde 0542 396 80 60<\/a><\/p>\nSelam Dostlar, Sezonun ilk \u00e7al\u0131\u015fmalar\u0131 ba\u015flad\u0131!","protected":false},"excerpt":{"rendered":"<p>Turgutreis Su Tesisat\u00e7\u0131s\u0131 \u2013 Mehmet Usta Ar\u0131za, tamirat, hidrofor, g\u00fcne\u015f enerjisi ve t\u00fcm s\u0131hhi tesisat i\u015fleriniz i\u00e7in h\u0131zl\u0131 ve g\u00fcvenilir [&hellip;]<\/p>\n","protected":false},"author":1,"featured_media":0,"parent":0,"menu_order":0,"comment_status":"closed","ping_status":"closed","template":"","meta":{"site-sidebar-layout":"default","site-content-layout":"","ast-site-content-layout":"default","site-content-style":"default","site-sidebar-style":"default","ast-global-header-display":"","ast-banner-title-visibility":"","ast-main-header-display":"","ast-hfb-above-header-display":"","ast-hfb-below-header-display":"","ast-hfb-mobile-header-display":"","site-post-title":"","ast-breadcrumbs-content":"","ast-featured-img":"","footer-sml-layout":"","ast-disable-related-posts":"","theme-transparent-header-meta":"","adv-header-id-meta":"","stick-header-meta":"","header-above-stick-meta":"","header-main-stick-meta":"","header-below-stick-meta":"","astra-migrate-meta-layouts":"default","ast-page-background-enabled":"default","ast-page-background-meta":{"desktop":{"background-color":"var(--ast-global-color-5)","background-image":"","background-repeat":"repeat","background-position":"center center","background-size":"auto","background-attachment":"scroll","background-type":"","background-media":"","overlay-type":"","overlay-color":"","overlay-opacity":"","overlay-gradient":""},"tablet":{"background-color":"","background-image":"","background-repeat":"repeat","background-position":"center center","background-size":"auto","background-attachment":"scroll","background-type":"","background-media":"","overlay-type":"","overlay-color":"","overlay-opacity":"","overlay-gradient":""},"mobile":{"background-color":"","background-image":"","background-repeat":"repeat","background-position":"center center","background-size":"auto","background-attachment":"scroll","background-type":"","background-media":"","overlay-type":"","overlay-color":"","overlay-opacity":"","overlay-gradient":""}},"ast-content-background-meta":{"desktop":{"background-color":"var(--ast-global-color-4)","background-image":"","background-repeat":"repeat","background-position":"center center","background-size":"auto","background-attachment":"scroll","background-type":"","background-media":"","overlay-type":"","overlay-color":"","overlay-opacity":"","overlay-gradient":""},"tablet":{"background-color":"var(--ast-global-color-4)","background-image":"","background-repeat":"repeat","background-position":"center center","background-size":"auto","background-attachment":"scroll","background-type":"","background-media":"","overlay-type":"","overlay-color":"","overlay-opacity":"","overlay-gradient":""},"mobile":{"background-color":"var(--ast-global-color-4)","background-image":"","background-repeat":"repeat","background-position":"center center","background-size":"auto","background-attachment":"scroll","background-type":"","background-media":"","overlay-type":"","overlay-color":"","overlay-opacity":"","overlay-gradient":""}},"footnotes":""},"class_list":["post-78","page","type-page","status-publish","hentry"],"_links":{"self":[{"href":"https:\/\/sutesisatiturgutreis.com\/index.php?rest_route=\/wp\/v2\/pages\/78","targetHints":{"allow":["GET"]}}],"collection":[{"href":"https:\/\/sutesisatiturgutreis.com\/index.php?rest_route=\/wp\/v2\/pages"}],"about":[{"href":"https:\/\/sutesisatiturgutreis.com\/index.php?rest_route=\/wp\/v2\/types\/page"}],"author":[{"embeddable":true,"href":"https:\/\/sutesisatiturgutreis.com\/index.php?rest_route=\/wp\/v2\/users\/1"}],"replies":[{"embeddable":true,"href":"https:\/\/sutesisatiturgutreis.com\/index.php?rest_route=%2Fwp%2Fv2%2Fcomments&post=78"}],"version-history":[{"count":6,"href":"https:\/\/sutesisatiturgutreis.com\/index.php?rest_route=\/wp\/v2\/pages\/78\/revisions"}],"predecessor-version":[{"id":217,"href":"https:\/\/sutesisatiturgutreis.com\/index.php?rest_route=\/wp\/v2\/pages\/78\/revisions\/217"}],"wp:attachment":[{"href":"https:\/\/sutesisatiturgutreis.com\/index.php?rest_route=%2Fwp%2Fv2%2Fmedia&parent=78"}],"curies":[{"name":"wp","href":"https:\/\/api.w.org\/{rel}","templated":true}]}}