{"id":2,"date":"2019-01-29T16:53:28","date_gmt":"2019-01-29T16:53:28","guid":{"rendered":"http:\/\/sutesisatiturgutreis.com\/?page_id=2"},"modified":"2026-02-10T07:19:44","modified_gmt":"2026-02-10T07:19:44","slug":"about","status":"publish","type":"page","link":"https:\/\/sutesisatiturgutreis.com\/?page_id=2","title":{"rendered":"Hakk\u0131nda"},"content":{"rendered":"\n<section style=\"background:#0a7cff; color:#fff; text-align:center; padding:40px 20px;\">\n<h2>Ar\u0131za m\u0131 var?<\/h2>\n<p style=\"font-size:18px;\">Bir telefon etmeniz yeterli.<\/p>\n\n<a href=\"tel:05423968060\"\nstyle=\"background:#fff; color:#0a7cff; padding:14px 28px;\ntext-decoration:none; font-size:20px; border-radius:6px;\ndisplay:inline-block; margin-top:15px;\">\n\ud83d\udcde 0542 396 80 60\n<\/a>\n<\/section>\n\n\n<h6>aray\u0131n hemen konu\u015fal\u0131m&#8230;<\/h6>\n<p>T\u00fcm su tesisat\u0131, g\u00fcne\u015f enerjisi, depo, hidrofor ve bah\u00e7e sulama i\u015fleriniz i\u00e7in hizmete haz\u0131r\u0131m&#8230;<\/p>\n<p>Malzeme temini, kurulum, bak\u0131m, destek ve ar\u0131za \u00e7\u00f6z\u00fcmlerinde, tadilat ve tamirat i\u015flerinde sizlere her konuda en detayl\u0131 a\u00e7\u0131klamalar\u0131 yaparak \u00e7\u00f6z\u00fcm\u00fc beraberce olu\u015ftururuz. \u00d6nce do\u011fru i\u015fi do\u011fru anlatmak sonra da gerekli ustal\u0131kla do\u011fru bir \u015fekilde yapmak ve sonunda do\u011fru ili\u015fkiler kurmak en b\u00fcy\u00fck hedefimdir. Bir telefon edin yeter : 0542 396 80 60<\/p>\n<section id=\"offer\" class=\"we-offer-area section-gap\">\n<div class=\"container\">\n<div class=\"row d-flex justify-content-center\">\n<div class=\"menu-content pb-60 col-lg-10\">\n<div class=\"title text-center\">\n<h1 class=\"mb-10\">Elimden Gelen \u0130\u015fler :<\/h1>\n<p>Ar\u0131za varsa \u00e7\u00f6z\u00fcm de vard\u0131r&#8230;<br \/>Her ge\u00e7en g\u00fcn tecr\u00fcbemiz ve bilgimizi art\u0131rmak i\u00e7in u\u011fra\u015fmaktay\u0131z!<\/p>\n<p>Yeni malzemeler ve yeni teknolojiler konusunda s\u00fcrekli takipteyiz.<\/p>\n<\/div>\n<\/div>\n<\/div>\n<div class=\"row\">\n<div class=\"col-lg-6\">\n<div class=\"single-offer d-flex flex-row pb-30\">\n<div class=\"icon\"><img decoding=\"async\" src=\"file:\/\/\/D:\/Web%20Memo\/xx%20Publish%20-%20Kopya\/img\/s1.png\" alt=\"\" \/><\/div>\n<div class=\"desc\">\n<h4>Su tesisat\u0131 &#8211; k\u0131r\u0131m tadilat &#8211; kurulum<\/h4>\n<p>Bodrum, Turgutreis \u00e7evresinde y\u0131llarca hem ev hem de tesislere y\u00fczlerce i\u015f yaparak olu\u015fan tecr\u00fcbem ile \u00e7\u00f6z\u00fcm konusunda kendime g\u00fcveniyorum. En \u00f6nemli \u00f6zelli\u011fim \u00e7\u00f6z\u00fcm i\u00e7in kafa yormak; benim ustal\u0131\u011f\u0131m ve tecr\u00fcbem ile sizin d\u00fc\u015f\u00fcncelerinizi birle\u015ftirebilmektir.<\/p>\n<\/div>\n<\/div>\n<div class=\"single-offer d-flex flex-row pb-30\">\n<div class=\"icon\"><img decoding=\"async\" src=\"file:\/\/\/D:\/Web%20Memo\/xx%20Publish%20-%20Kopya\/img\/s3.png\" alt=\"\" \/><\/div>\n<div class=\"desc\">\n<h4>Hidrofor ve depo sistemleri<\/h4>\n<p>\u00d6zellikle Turgutreis \u00e7evresinde su tesisat\u0131 ve genel teknik servis hizmeti olarak, k\u00fc\u00e7\u00fck b\u00fcy\u00fck turistik tesislerde elde etti\u011fim teknik uzmanl\u0131k ve ustal\u0131kla depo kurulumu, hidrofor montaj\u0131 ve tamirat\u0131 konusunda hizmet vermekteyim.<\/p>\n<\/div>\n<\/div>\n<\/div>\n<div class=\"col-lg-6\">\n<div class=\"single-offer d-flex flex-row pb-30\">\n<div class=\"icon\"><img decoding=\"async\" src=\"file:\/\/\/D:\/Web%20Memo\/xx%20Publish%20-%20Kopya\/img\/s2.png\" alt=\"\" \/><\/div>\n<div class=\"desc\">\n<h4>G\u00fcne\u015f enerjisi sistemleri<\/h4>\n<p>Turgutreis g\u00fcne\u015f enerjisi konusunda \u00e7ok bereketli bir b\u00f6lgedir; k\u0131\u015f aylar\u0131nda dahi Turgutreisde do\u011fru ve sa\u011flam kurulmu\u015f bir g\u00fcne\u015f enerji sistemiyle verim al\u0131nabilir&#8230;<\/p>\n<\/div>\n<\/div>\n<div class=\"single-offer d-flex flex-row pb-30\">\n<div class=\"icon\"><img decoding=\"async\" src=\"file:\/\/\/D:\/Web%20Memo\/xx%20Publish%20-%20Kopya\/img\/s4.png\" alt=\"\" \/><\/div>\n<div class=\"desc\">\n<h4>Bah\u00e7e sulama sistemleri<\/h4>\n<p>Turgutreis ve Bodrum \u00e7evresinde bir \u00e7ok bah\u00e7eye damla sulama sistemi, ya\u011fmurlama sistemi gibi bir \u00e7ok sistem kurulumu yapm\u0131\u015f bulunmaktay\u0131m. Bu i\u015flerde pratik ve deneyime dayanan tecr\u00fcbem ile her bah\u00e7eye uygun d\u00fczeni h\u0131zl\u0131ca olu\u015fturabilirim.<\/p>\n<\/div>\n<\/div>\n<\/div>\n<\/div>\n<\/div>\n<\/section>Selam Dostlar, Sezonun ilk \u00e7al\u0131\u015fmalar\u0131 ba\u015flad\u0131!","protected":false},"excerpt":{"rendered":"<p>Ar\u0131za m\u0131 var? Bir telefon etmeniz yeterli. \ud83d\udcde 0542 396 80 60 aray\u0131n hemen konu\u015fal\u0131m&#8230; T\u00fcm su tesisat\u0131, g\u00fcne\u015f enerjisi, [&hellip;]<\/p>\n","protected":false},"author":1,"featured_media":0,"parent":0,"menu_order":0,"comment_status":"closed","ping_status":"open","template":"","meta":{"site-sidebar-layout":"default","site-content-layout":"","ast-site-content-layout":"default","site-content-style":"default","site-sidebar-style":"default","ast-global-header-display":"","ast-banner-title-visibility":"","ast-main-header-display":"","ast-hfb-above-header-display":"","ast-hfb-below-header-display":"","ast-hfb-mobile-header-display":"","site-post-title":"","ast-breadcrumbs-content":"","ast-featured-img":"","footer-sml-layout":"","ast-disable-related-posts":"","theme-transparent-header-meta":"","adv-header-id-meta":"","stick-header-meta":"","header-above-stick-meta":"","header-main-stick-meta":"","header-below-stick-meta":"","astra-migrate-meta-layouts":"default","ast-page-background-enabled":"default","ast-page-background-meta":{"desktop":{"background-color":"var(--ast-global-color-5)","background-image":"","background-repeat":"repeat","background-position":"center center","background-size":"auto","background-attachment":"scroll","background-type":"","background-media":"","overlay-type":"","overlay-color":"","overlay-opacity":"","overlay-gradient":""},"tablet":{"background-color":"","background-image":"","background-repeat":"repeat","background-position":"center center","background-size":"auto","background-attachment":"scroll","background-type":"","background-media":"","overlay-type":"","overlay-color":"","overlay-opacity":"","overlay-gradient":""},"mobile":{"background-color":"","background-image":"","background-repeat":"repeat","background-position":"center center","background-size":"auto","background-attachment":"scroll","background-type":"","background-media":"","overlay-type":"","overlay-color":"","overlay-opacity":"","overlay-gradient":""}},"ast-content-background-meta":{"desktop":{"background-color":"var(--ast-global-color-4)","background-image":"","background-repeat":"repeat","background-position":"center center","background-size":"auto","background-attachment":"scroll","background-type":"","background-media":"","overlay-type":"","overlay-color":"","overlay-opacity":"","overlay-gradient":""},"tablet":{"background-color":"var(--ast-global-color-4)","background-image":"","background-repeat":"repeat","background-position":"center center","background-size":"auto","background-attachment":"scroll","background-type":"","background-media":"","overlay-type":"","overlay-color":"","overlay-opacity":"","overlay-gradient":""},"mobile":{"background-color":"var(--ast-global-color-4)","background-image":"","background-repeat":"repeat","background-position":"center center","background-size":"auto","background-attachment":"scroll","background-type":"","background-media":"","overlay-type":"","overlay-color":"","overlay-opacity":"","overlay-gradient":""}},"footnotes":""},"class_list":["post-2","page","type-page","status-publish","hentry"],"_links":{"self":[{"href":"https:\/\/sutesisatiturgutreis.com\/index.php?rest_route=\/wp\/v2\/pages\/2","targetHints":{"allow":["GET"]}}],"collection":[{"href":"https:\/\/sutesisatiturgutreis.com\/index.php?rest_route=\/wp\/v2\/pages"}],"about":[{"href":"https:\/\/sutesisatiturgutreis.com\/index.php?rest_route=\/wp\/v2\/types\/page"}],"author":[{"embeddable":true,"href":"https:\/\/sutesisatiturgutreis.com\/index.php?rest_route=\/wp\/v2\/users\/1"}],"replies":[{"embeddable":true,"href":"https:\/\/sutesisatiturgutreis.com\/index.php?rest_route=%2Fwp%2Fv2%2Fcomments&post=2"}],"version-history":[{"count":7,"href":"https:\/\/sutesisatiturgutreis.com\/index.php?rest_route=\/wp\/v2\/pages\/2\/revisions"}],"predecessor-version":[{"id":221,"href":"https:\/\/sutesisatiturgutreis.com\/index.php?rest_route=\/wp\/v2\/pages\/2\/revisions\/221"}],"wp:attachment":[{"href":"https:\/\/sutesisatiturgutreis.com\/index.php?rest_route=%2Fwp%2Fv2%2Fmedia&parent=2"}],"curies":[{"name":"wp","href":"https:\/\/api.w.org\/{rel}","templated":true}]}}